{"id":780,"date":"2018-10-26T17:52:02","date_gmt":"2018-10-26T15:52:02","guid":{"rendered":"http:\/\/mel.acces-provisoire.fr\/?page_id=780"},"modified":"2022-10-21T14:09:09","modified_gmt":"2022-10-21T12:09:09","slug":"contact","status":"publish","type":"page","link":"https:\/\/www.myexclusivelodge.com\/en\/contact\/","title":{"rendered":"Contact MyExclusiveLodge"},"content":{"rendered":"","protected":false},"excerpt":{"rendered":"","protected":false},"author":1,"featured_media":0,"parent":0,"menu_order":0,"comment_status":"closed","ping_status":"closed","template":"","meta":{"_monsterinsights_skip_tracking":false,"_monsterinsights_sitenote_active":false,"_monsterinsights_sitenote_note":"","_monsterinsights_sitenote_category":0,"spay_email":"","footnotes":""},"class_list":["post-780","page","type-page","status-publish","hentry"],"yoast_head":"<!-- This site is optimized with the Yoast SEO plugin v14.1 - https:\/\/yoast.com\/wordpress\/plugins\/seo\/ -->\n<title>Contact MyExclusiveLodge - My Exclusive Lodge<\/title>\n<meta name=\"description\" content=\"Contacter MyExclusiveLodge : votre conciergerie priv\u00e9e de luxe pour des voyages sur mesure ! Retrouvez-nous par e-mail, t\u00e9l\u00e9phone et WhatsApp\" \/>\n<meta name=\"robots\" content=\"index, follow\" \/>\n<meta name=\"googlebot\" content=\"index, follow, max-snippet:-1, max-image-preview:large, max-video-preview:-1\" \/>\n<meta name=\"bingbot\" content=\"index, follow, max-snippet:-1, max-image-preview:large, max-video-preview:-1\" \/>\n<link rel=\"canonical\" href=\"https:\/\/www.myexclusivelodge.com\/contactez-nous\/\" \/>\n<meta property=\"og:locale\" content=\"en_US\" \/>\n<meta property=\"og:type\" content=\"article\" \/>\n<meta property=\"og:title\" content=\"Contact MyExclusiveLodge - My Exclusive Lodge\" \/>\n<meta property=\"og:description\" content=\"Contacter MyExclusiveLodge : votre conciergerie priv\u00e9e de luxe pour des voyages sur mesure ! Retrouvez-nous par e-mail, t\u00e9l\u00e9phone et WhatsApp\" \/>\n<meta property=\"og:url\" content=\"https:\/\/www.myexclusivelodge.com\/contactez-nous\/\" \/>\n<meta property=\"og:site_name\" content=\"My Exclusive Lodge\" \/>\n<meta property=\"article:modified_time\" content=\"2022-10-21T12:09:09+00:00\" \/>\n<meta name=\"twitter:card\" content=\"summary_large_image\" \/>\n<script type=\"application\/ld+json\" class=\"yoast-schema-graph\">{\"@context\":\"https:\/\/schema.org\",\"@graph\":[{\"@type\":\"WebSite\",\"@id\":\"https:\/\/www.myexclusivelodge.com\/en\/#website\",\"url\":\"https:\/\/www.myexclusivelodge.com\/en\/\",\"name\":\"My Exclusive Lodge\",\"description\":\"Conciergerie Priv\\u00e9e de luxe\",\"potentialAction\":[{\"@type\":\"SearchAction\",\"target\":\"https:\/\/www.myexclusivelodge.com\/en\/?s={search_term_string}\",\"query-input\":\"required name=search_term_string\"}],\"inLanguage\":\"en-US\"},{\"@type\":\"WebPage\",\"@id\":\"https:\/\/www.myexclusivelodge.com\/contactez-nous\/#webpage\",\"url\":\"https:\/\/www.myexclusivelodge.com\/contactez-nous\/\",\"name\":\"Contact MyExclusiveLodge - My Exclusive Lodge\",\"isPartOf\":{\"@id\":\"https:\/\/www.myexclusivelodge.com\/en\/#website\"},\"datePublished\":\"2018-10-26T15:52:02+00:00\",\"dateModified\":\"2022-10-21T12:09:09+00:00\",\"description\":\"Contacter MyExclusiveLodge : votre conciergerie priv\\u00e9e de luxe pour des voyages sur mesure ! Retrouvez-nous par e-mail, t\\u00e9l\\u00e9phone et WhatsApp\",\"inLanguage\":\"en-US\",\"potentialAction\":[{\"@type\":\"ReadAction\",\"target\":[\"https:\/\/www.myexclusivelodge.com\/contactez-nous\/\"]}]}]}<\/script>\n<!-- \/ Yoast SEO plugin. -->","jetpack_sharing_enabled":true,"jetpack_shortlink":"https:\/\/wp.me\/PapHI3-cA","_links":{"self":[{"href":"https:\/\/www.myexclusivelodge.com\/en\/wp-json\/wp\/v2\/pages\/780","targetHints":{"allow":["GET"]}}],"collection":[{"href":"https:\/\/www.myexclusivelodge.com\/en\/wp-json\/wp\/v2\/pages"}],"about":[{"href":"https:\/\/www.myexclusivelodge.com\/en\/wp-json\/wp\/v2\/types\/page"}],"author":[{"embeddable":true,"href":"https:\/\/www.myexclusivelodge.com\/en\/wp-json\/wp\/v2\/users\/1"}],"replies":[{"embeddable":true,"href":"https:\/\/www.myexclusivelodge.com\/en\/wp-json\/wp\/v2\/comments?post=780"}],"version-history":[{"count":9,"href":"https:\/\/www.myexclusivelodge.com\/en\/wp-json\/wp\/v2\/pages\/780\/revisions"}],"predecessor-version":[{"id":1798,"href":"https:\/\/www.myexclusivelodge.com\/en\/wp-json\/wp\/v2\/pages\/780\/revisions\/1798"}],"wp:attachment":[{"href":"https:\/\/www.myexclusivelodge.com\/en\/wp-json\/wp\/v2\/media?parent=780"}],"curies":[{"name":"wp","href":"https:\/\/api.w.org\/{rel}","templated":true}]}}